{"id":10,"date":"2022-09-09T07:30:48","date_gmt":"2022-09-09T07:30:48","guid":{"rendered":"https:\/\/ztzngt.demopaja1.com\/?page_id=10"},"modified":"2022-10-05T12:02:10","modified_gmt":"2022-10-05T09:02:10","slug":"blogi","status":"publish","type":"page","link":"https:\/\/ztzngt.demopaja1.com\/?page_id=10","title":{"rendered":"Blogi"},"content":{"rendered":"<div data-colibri-id=\"10-c1\" class=\"style-199 style-local-10-c1 position-relative\">\n  <!---->\n  <div data-colibri-component=\"section\" data-colibri-id=\"10-c20\" id=\"blog\" class=\"h-section h-section-global-spacing d-flex align-items-lg-center align-items-md-center align-items-center style-207 style-local-10-c20 position-relative\">\n    <!---->\n    <!---->\n    <div class=\"h-section-grid-container h-section-boxed-container\">\n      <div data-colibri-id=\"10-c34\" class=\"h-row-container gutters-row-lg-2 gutters-row-md-2 gutters-row-2 gutters-row-v-lg-2 gutters-row-v-md-2 gutters-row-v-2 style-221 style-local-10-c34 position-relative\">\n        <!---->\n        <div class=\"h-row justify-content-lg-center justify-content-md-center justify-content-center align-items-lg-stretch align-items-md-stretch align-items-stretch gutters-col-lg-2 gutters-col-md-2 gutters-col-2 gutters-col-v-lg-2 gutters-col-v-md-2 gutters-col-v-2\">\n          <!---->\n          <div class=\"h-column h-column-container d-flex h-col-lg-auto h-col-md-auto h-col-auto style-222-outer style-local-10-c35-outer\">\n            <div data-colibri-id=\"10-c35\" class=\"d-flex h-flex-basis h-column__inner h-px-lg-2 h-px-md-2 h-px-2 v-inner-lg-2 v-inner-md-2 v-inner-2 style-222 style-local-10-c35 position-relative\">\n              <!---->\n              <!---->\n              <div class=\"w-100 h-y-container h-column__content h-column__v-align flex-basis-100 align-self-lg-start align-self-md-start align-self-start\">\n                <!---->\n                <div data-colibri-id=\"10-c36\" class=\"h-global-transition-all h-heading style-223 style-local-10-c36 position-relative h-element\">\n                  <!---->\n                  <div class=\"h-heading__outer style-223 style-local-10-c36\">\n                    <!---->\n                    <!---->\n                    <h2 class=\"\">BLOGI<\/h2>\n                  <\/div>\n                <\/div>\n                <div data-colibri-id=\"10-c37\" class=\"h-lead h-text h-text-component style-224 style-local-10-c37 position-relative h-element\">\n                  <!---->\n                  <!---->\n                  <div class=\"\">\n                    <p>Teht\u00e4v\u00e4t l\u00f6ytyv\u00e4t t\u00e4\u00e4lt\u00e4\n                      <br>\n                    <\/p>\n                  <\/div>\n                <\/div>\n              <\/div>\n            <\/div>\n          <\/div>\n        <\/div>\n      <\/div>\n      <div data-colibri-id=\"10-c21\" class=\"h-row-container gutters-row-lg-0 gutters-row-md-0 gutters-row-0 gutters-row-v-lg-0 gutters-row-v-md-0 gutters-row-v-0 style-208 style-local-10-c21 position-relative\">\n        <!---->\n        <div class=\"h-row justify-content-lg-center justify-content-md-center justify-content-center align-items-lg-stretch align-items-md-stretch align-items-stretch gutters-col-lg-0 gutters-col-md-0 gutters-col-0 gutters-col-v-lg-0 gutters-col-v-md-0 gutters-col-v-0\">\n          <!---->\n          <div class=\"h-column h-column-container d-flex h-col-lg-auto h-col-md-auto h-col-auto style-209-outer style-local-10-c22-outer\">\n            <div data-colibri-id=\"10-c22\" class=\"d-flex h-flex-basis h-column__inner h-px-lg-0 h-px-md-0 h-px-0 v-inner-lg-0 v-inner-md-0 v-inner-0 style-209 style-local-10-c22 position-relative\">\n              <!---->\n              <!---->\n              <div class=\"w-100 h-y-container h-column__content h-column__v-align flex-basis-100 align-self-lg-start align-self-md-start align-self-start\">\n                <!---->\n                <div data-colibri-id=\"10-c23\" class=\"h-row-container gutters-row-lg-2 gutters-row-md-2 gutters-row-2 gutters-row-v-lg-2 gutters-row-v-md-2 gutters-row-v-2 colibri-dynamic-list style-210 style-local-10-c23 position-relative\">\n                  <!---->\n                  <div data-colibri-component=\"\" class=\"h-row justify-content-lg-start justify-content-md-start justify-content-start align-items-lg-stretch align-items-md-stretch align-items-stretch gutters-col-lg-2 gutters-col-md-2 gutters-col-2 gutters-col-v-lg-2 gutters-col-v-md-2 gutters-col-v-2 style-210-row style-local-10-c23-row\">\n                    <!---->\n        <div    class=\"h-column h-column-container d-flex h-col-lg-4 h-col-md-6 h-col-12 post-60 post type-post status-publish format-standard hentry category-kirjoitus masonry-item style-211-outer style-local-10-c24-outer\"  ><div   data-colibri-id=\"10-c24\" class=\"d-flex h-flex-basis h-column__inner h-px-lg-2 h-px-md-2 h-px-2 v-inner-lg-2 v-inner-md-2 v-inner-2 style-211 style-local-10-c24 h-overflow-hidden position-relative\"><!&#8212;-><!&#8212;-> <div  class=\"w-100 h-y-container h-column__content h-column__v-align flex-basis-100 align-self-lg-start align-self-md-start align-self-start\"><!&#8212;-> <div   data-colibri-id=\"10-c26\" class=\"h-row-container gutters-row-lg-0 gutters-row-md-0 gutters-row-2 gutters-row-v-lg-0 gutters-row-v-md-0 gutters-row-v-0 style-213 style-local-10-c26 position-relative\"  ><!&#8212;-><div class=\"h-row justify-content-lg-center justify-content-md-center justify-content-center align-items-lg-stretch align-items-md-stretch align-items-stretch gutters-col-lg-0 gutters-col-md-0 gutters-col-2 gutters-col-v-lg-0 gutters-col-v-md-0 gutters-col-v-0\"><!&#8212;-> <div   class=\"h-column h-column-container d-flex h-col-lg-auto h-col-md-auto h-col-auto style-214-outer style-local-10-c27-outer\"  ><div  data-colibri-id=\"10-c27\" class=\"d-flex h-flex-basis h-column__inner h-px-lg-3 h-px-md-3 h-px-3 v-inner-lg-3 v-inner-md-3 v-inner-3 style-214 style-local-10-c27 position-relative\"><!&#8212;-><!&#8212;-> <div class=\"w-100 h-y-container h-column__content h-column__v-align flex-basis-auto align-self-lg-start align-self-md-start align-self-start\"><!&#8212;-> <div   data-colibri-id=\"10-c28\" class=\"h-blog-categories style-215 style-local-10-c28 position-relative h-element\"  ><!&#8212;-><div  class=\"h-global-transition-all\"><a class=\"d-inline-block colibri-post-category\" href=\"https:\/\/ztzngt.demopaja1.com\/?cat=6\">Kirjoitus<\/a><\/div><\/div><div   data-colibri-id=\"10-c29\" class=\"h-blog-title style-216 style-local-10-c29 position-relative h-element\"  ><!&#8212;-><div  class=\"h-global-transition-all\"><a href=\"https:\/\/ztzngt.demopaja1.com\/?p=60\"><h4 class=\"colibri-word-wrap\">Oman koulutuksen suunnittelu<\/h4><\/a><\/div><\/div><div   data-colibri-id=\"10-c30\" class=\"h-blog-meta style-217 style-local-10-c30 position-relative h-element\"  ><!&#8212;-><div name=\"1\" class=\"metadata-item\"><span class=\"metadata-prefix\">by<\/span> <a href=\"https:\/\/ztzngt.demopaja1.com\/?author=1\"><!&#8212;->admin<\/a> <span class=\"meta-separator\"><\/span><\/div><div name=\"2\" class=\"metadata-item\"><span class=\"metadata-prefix\">on<\/span> <a href=\"https:\/\/ztzngt.demopaja1.com\/?m=20220912\"><!&#8212;->Sep 12<\/a><\/div><!&#8212;-><!&#8212;-><\/div><div   data-colibri-id=\"10-c31\" class=\"style-218 style-local-10-c31 position-relative h-element\"  ><!&#8212;-><div  class=\"h-global-transition-all\"><div class=\"colibri-post-excerpt\">Vaihe 1. Huomioitakoon, ett\u00e4 teht\u00e4v\u00e4n linkit eiv\u00e4t toimineet vaan veiv\u00e4t tyhj\u00e4lle bloggersivustolle.. [&hellip;]<\/div><\/div><\/div><div    data-colibri-id=\"10-c32\" class=\"h-x-container style-219 style-local-10-c32 position-relative h-element\"  ><!&#8212;-><div   class=\"h-x-container-inner style-dynamic-10-c32-group\"><!&#8212;-><span   class=\"h-button__outer style-220-outer style-local-10-c33-outer d-inline-flex h-element\"    ><a  h-use-smooth-scroll=\"true\" href=\"https:\/\/ztzngt.demopaja1.com\/?p=60\"  data-colibri-id=\"10-c33\" class=\"d-flex w-100 align-items-center h-button justify-content-lg-center justify-content-md-center justify-content-center style-220 style-local-10-c33 position-relative\"><!&#8212;-><!&#8212;-> <span >Read more<\/span> <span  class=\"h-svg-icon h-button__icon style-220-icon style-local-10-c33-icon\"><!&#8211;Icon by Icons8 Line Awesome (https:\/\/icons8.com\/line-awesome)&#8211;><svg version=\"1.1\" xmlns=\"http:\/\/www.w3.org\/2000\/svg\" xmlns:xlink=\"http:\/\/www.w3.org\/1999\/xlink\" id=\"arrow-right\" viewBox=\"0 0 512 545.5\"><path d=\"M299.5 140.5l136 136 11 11.5-11 11.5-136 136-23-23L385 304H64v-32h321L276.5 163.5z\"><\/path><\/svg><\/span><\/a><\/span><\/div><\/div><\/div><\/div><\/div><\/div><\/div><\/div><\/div><\/div>\n      \n      \n        <div    class=\"h-column h-column-container d-flex h-col-lg-4 h-col-md-6 h-col-12 post-37 post type-post status-publish format-standard hentry category-kirjoitus masonry-item style-211-outer style-local-10-c24-outer\"  ><div   data-colibri-id=\"10-c24\" class=\"d-flex h-flex-basis h-column__inner h-px-lg-2 h-px-md-2 h-px-2 v-inner-lg-2 v-inner-md-2 v-inner-2 style-211 style-local-10-c24 h-overflow-hidden position-relative\"><!&#8212;-><!&#8212;-> <div  class=\"w-100 h-y-container h-column__content h-column__v-align flex-basis-100 align-self-lg-start align-self-md-start align-self-start\"><!&#8212;-> <div   data-colibri-id=\"10-c26\" class=\"h-row-container gutters-row-lg-0 gutters-row-md-0 gutters-row-2 gutters-row-v-lg-0 gutters-row-v-md-0 gutters-row-v-0 style-213 style-local-10-c26 position-relative\"  ><!&#8212;-><div class=\"h-row justify-content-lg-center justify-content-md-center justify-content-center align-items-lg-stretch align-items-md-stretch align-items-stretch gutters-col-lg-0 gutters-col-md-0 gutters-col-2 gutters-col-v-lg-0 gutters-col-v-md-0 gutters-col-v-0\"><!&#8212;-> <div   class=\"h-column h-column-container d-flex h-col-lg-auto h-col-md-auto h-col-auto style-214-outer style-local-10-c27-outer\"  ><div  data-colibri-id=\"10-c27\" class=\"d-flex h-flex-basis h-column__inner h-px-lg-3 h-px-md-3 h-px-3 v-inner-lg-3 v-inner-md-3 v-inner-3 style-214 style-local-10-c27 position-relative\"><!&#8212;-><!&#8212;-> <div class=\"w-100 h-y-container h-column__content h-column__v-align flex-basis-auto align-self-lg-start align-self-md-start align-self-start\"><!&#8212;-> <div   data-colibri-id=\"10-c28\" class=\"h-blog-categories style-215 style-local-10-c28 position-relative h-element\"  ><!&#8212;-><div  class=\"h-global-transition-all\"><a class=\"d-inline-block colibri-post-category\" href=\"https:\/\/ztzngt.demopaja1.com\/?cat=6\">Kirjoitus<\/a><\/div><\/div><div   data-colibri-id=\"10-c29\" class=\"h-blog-title style-216 style-local-10-c29 position-relative h-element\"  ><!&#8212;-><div  class=\"h-global-transition-all\"><a href=\"https:\/\/ztzngt.demopaja1.com\/?p=37\"><h4 class=\"colibri-word-wrap\">Ty\u00f6asemien vakiointi<\/h4><\/a><\/div><\/div><div   data-colibri-id=\"10-c30\" class=\"h-blog-meta style-217 style-local-10-c30 position-relative h-element\"  ><!&#8212;-><div name=\"1\" class=\"metadata-item\"><span class=\"metadata-prefix\">by<\/span> <a href=\"https:\/\/ztzngt.demopaja1.com\/?author=1\"><!&#8212;->admin<\/a> <span class=\"meta-separator\"><\/span><\/div><div name=\"2\" class=\"metadata-item\"><span class=\"metadata-prefix\">on<\/span> <a href=\"https:\/\/ztzngt.demopaja1.com\/?m=20220909\"><!&#8212;->Sep 9<\/a><\/div><!&#8212;-><!&#8212;-><\/div><div   data-colibri-id=\"10-c31\" class=\"style-218 style-local-10-c31 position-relative h-element\"  ><!&#8212;-><div  class=\"h-global-transition-all\"><div class=\"colibri-post-excerpt\">Ty\u00f6asemien vakiointi Yleisin ja yksinkertaisin tapa ty\u00f6aseman vakiointiin on levynkuvan valmistaminen ja [&hellip;]<\/div><\/div><\/div><div    data-colibri-id=\"10-c32\" class=\"h-x-container style-219 style-local-10-c32 position-relative h-element\"  ><!&#8212;-><div   class=\"h-x-container-inner style-dynamic-10-c32-group\"><!&#8212;-><span   class=\"h-button__outer style-220-outer style-local-10-c33-outer d-inline-flex h-element\"    ><a  h-use-smooth-scroll=\"true\" href=\"https:\/\/ztzngt.demopaja1.com\/?p=37\"  data-colibri-id=\"10-c33\" class=\"d-flex w-100 align-items-center h-button justify-content-lg-center justify-content-md-center justify-content-center style-220 style-local-10-c33 position-relative\"><!&#8212;-><!&#8212;-> <span >Read more<\/span> <span  class=\"h-svg-icon h-button__icon style-220-icon style-local-10-c33-icon\"><!&#8211;Icon by Icons8 Line Awesome (https:\/\/icons8.com\/line-awesome)&#8211;><svg version=\"1.1\" xmlns=\"http:\/\/www.w3.org\/2000\/svg\" xmlns:xlink=\"http:\/\/www.w3.org\/1999\/xlink\" id=\"arrow-right\" viewBox=\"0 0 512 545.5\"><path d=\"M299.5 140.5l136 136 11 11.5-11 11.5-136 136-23-23L385 304H64v-32h321L276.5 163.5z\"><\/path><\/svg><\/span><\/a><\/span><\/div><\/div><\/div><\/div><\/div><\/div><\/div><\/div><\/div><\/div>\n      \n      \n        <div    class=\"h-column h-column-container d-flex h-col-lg-4 h-col-md-6 h-col-12 post-1 post type-post status-publish format-standard hentry category-kirjoitus masonry-item style-211-outer style-local-10-c24-outer\"  ><div   data-colibri-id=\"10-c24\" class=\"d-flex h-flex-basis h-column__inner h-px-lg-2 h-px-md-2 h-px-2 v-inner-lg-2 v-inner-md-2 v-inner-2 style-211 style-local-10-c24 h-overflow-hidden position-relative\"><!&#8212;-><!&#8212;-> <div  class=\"w-100 h-y-container h-column__content h-column__v-align flex-basis-100 align-self-lg-start align-self-md-start align-self-start\"><!&#8212;-> <div   data-colibri-id=\"10-c26\" class=\"h-row-container gutters-row-lg-0 gutters-row-md-0 gutters-row-2 gutters-row-v-lg-0 gutters-row-v-md-0 gutters-row-v-0 style-213 style-local-10-c26 position-relative\"  ><!&#8212;-><div class=\"h-row justify-content-lg-center justify-content-md-center justify-content-center align-items-lg-stretch align-items-md-stretch align-items-stretch gutters-col-lg-0 gutters-col-md-0 gutters-col-2 gutters-col-v-lg-0 gutters-col-v-md-0 gutters-col-v-0\"><!&#8212;-> <div   class=\"h-column h-column-container d-flex h-col-lg-auto h-col-md-auto h-col-auto style-214-outer style-local-10-c27-outer\"  ><div  data-colibri-id=\"10-c27\" class=\"d-flex h-flex-basis h-column__inner h-px-lg-3 h-px-md-3 h-px-3 v-inner-lg-3 v-inner-md-3 v-inner-3 style-214 style-local-10-c27 position-relative\"><!&#8212;-><!&#8212;-> <div class=\"w-100 h-y-container h-column__content h-column__v-align flex-basis-auto align-self-lg-start align-self-md-start align-self-start\"><!&#8212;-> <div   data-colibri-id=\"10-c28\" class=\"h-blog-categories style-215 style-local-10-c28 position-relative h-element\"  ><!&#8212;-><div  class=\"h-global-transition-all\"><a class=\"d-inline-block colibri-post-category\" href=\"https:\/\/ztzngt.demopaja1.com\/?cat=6\">Kirjoitus<\/a><\/div><\/div><div   data-colibri-id=\"10-c29\" class=\"h-blog-title style-216 style-local-10-c29 position-relative h-element\"  ><!&#8212;-><div  class=\"h-global-transition-all\"><a href=\"https:\/\/ztzngt.demopaja1.com\/?p=1\"><h4 class=\"colibri-word-wrap\">Aamupalaa<\/h4><\/a><\/div><\/div><div   data-colibri-id=\"10-c30\" class=\"h-blog-meta style-217 style-local-10-c30 position-relative h-element\"  ><!&#8212;-><div name=\"1\" class=\"metadata-item\"><span class=\"metadata-prefix\">by<\/span> <a href=\"https:\/\/ztzngt.demopaja1.com\/?author=1\"><!&#8212;->admin<\/a> <span class=\"meta-separator\"><\/span><\/div><div name=\"2\" class=\"metadata-item\"><span class=\"metadata-prefix\">on<\/span> <a href=\"https:\/\/ztzngt.demopaja1.com\/?m=20220909\"><!&#8212;->Sep 9<\/a><\/div><!&#8212;-><!&#8212;-><\/div><div   data-colibri-id=\"10-c31\" class=\"style-218 style-local-10-c31 position-relative h-element\"  ><!&#8212;-><div  class=\"h-global-transition-all\"><div class=\"colibri-post-excerpt\">T\u00e4llaista aamupalaa t\u00e4n\u00e4\u00e4n!<\/div><\/div><\/div><div    data-colibri-id=\"10-c32\" class=\"h-x-container style-219 style-local-10-c32 position-relative h-element\"  ><!&#8212;-><div   class=\"h-x-container-inner style-dynamic-10-c32-group\"><!&#8212;-><span   class=\"h-button__outer style-220-outer style-local-10-c33-outer d-inline-flex h-element\"    ><a  h-use-smooth-scroll=\"true\" href=\"https:\/\/ztzngt.demopaja1.com\/?p=1\"  data-colibri-id=\"10-c33\" class=\"d-flex w-100 align-items-center h-button justify-content-lg-center justify-content-md-center justify-content-center style-220 style-local-10-c33 position-relative\"><!&#8212;-><!&#8212;-> <span >Read more<\/span> <span  class=\"h-svg-icon h-button__icon style-220-icon style-local-10-c33-icon\"><!&#8211;Icon by Icons8 Line Awesome (https:\/\/icons8.com\/line-awesome)&#8211;><svg version=\"1.1\" xmlns=\"http:\/\/www.w3.org\/2000\/svg\" xmlns:xlink=\"http:\/\/www.w3.org\/1999\/xlink\" id=\"arrow-right\" viewBox=\"0 0 512 545.5\"><path d=\"M299.5 140.5l136 136 11 11.5-11 11.5-136 136-23-23L385 304H64v-32h321L276.5 163.5z\"><\/path><\/svg><\/span><\/a><\/span><\/div><\/div><\/div><\/div><\/div><\/div><\/div><\/div><\/div><\/div>\n      \n      \n                    <\/div>\n                <\/div>\n              <\/div>\n            <\/div>\n          <\/div>\n        <\/div>\n      <\/div>\n    <\/div>\n  <\/div>\n<\/div>","protected":false},"excerpt":{"rendered":"<p>BLOGI Teht\u00e4v\u00e4t l\u00f6ytyv\u00e4t t\u00e4\u00e4lt\u00e4<\/p>\n","protected":false},"author":1,"featured_media":0,"parent":84,"menu_order":0,"comment_status":"closed","ping_status":"closed","template":"page-templates\/full-width-page.php","meta":{"footnotes":""},"class_list":["post-10","page","type-page","status-publish","hentry"],"jetpack_sharing_enabled":true,"_links":{"self":[{"href":"https:\/\/ztzngt.demopaja1.com\/index.php?rest_route=\/wp\/v2\/pages\/10","targetHints":{"allow":["GET"]}}],"collection":[{"href":"https:\/\/ztzngt.demopaja1.com\/index.php?rest_route=\/wp\/v2\/pages"}],"about":[{"href":"https:\/\/ztzngt.demopaja1.com\/index.php?rest_route=\/wp\/v2\/types\/page"}],"author":[{"embeddable":true,"href":"https:\/\/ztzngt.demopaja1.com\/index.php?rest_route=\/wp\/v2\/users\/1"}],"replies":[{"embeddable":true,"href":"https:\/\/ztzngt.demopaja1.com\/index.php?rest_route=%2Fwp%2Fv2%2Fcomments&post=10"}],"version-history":[{"count":4,"href":"https:\/\/ztzngt.demopaja1.com\/index.php?rest_route=\/wp\/v2\/pages\/10\/revisions"}],"predecessor-version":[{"id":270,"href":"https:\/\/ztzngt.demopaja1.com\/index.php?rest_route=\/wp\/v2\/pages\/10\/revisions\/270"}],"up":[{"embeddable":true,"href":"https:\/\/ztzngt.demopaja1.com\/index.php?rest_route=\/wp\/v2\/pages\/84"}],"wp:attachment":[{"href":"https:\/\/ztzngt.demopaja1.com\/index.php?rest_route=%2Fwp%2Fv2%2Fmedia&parent=10"}],"curies":[{"name":"wp","href":"https:\/\/api.w.org\/{rel}","templated":true}]}}